{"id":62,"date":"2022-11-13T11:51:01","date_gmt":"2022-11-13T11:51:01","guid":{"rendered":"https:\/\/sternsinger-anmeldung.de\/?page_id=62"},"modified":"2022-11-13T11:51:01","modified_gmt":"2022-11-13T11:51:01","slug":"impressum","status":"publish","type":"page","link":"https:\/\/sternsinger-anmeldung.de\/?page_id=62","title":{"rendered":"Impressum"},"content":{"rendered":"\n<p>St. Zeno<br>St.-Zeno-Platz<br>84424 Isen<br>Telefon: 08083-8181<br>Fax: 08083-546420<br><a href=\"mailto:St-Zeno.Isen@ebmuc.de\">St-Zeno.Isen@ebmuc.de<\/a><br><a href=\"http:\/\/www.erzbistum-muenchen.de\/StZenoIsen\">http:\/\/www.erzbistum-muenchen.de\/StZenoIsen<\/a><br>Pfarrverband Isen<br>Josef Kriechbaumer, Pfarrer<\/p>\n\n\n\n<p>Die Katholische Pfarrkirchenstiftung St. Zeno Isen ist eine kirchliche Stiftung des \u00f6ffentlichen Rechts.<br>Sie wird vertreten durch die Kirchenverwaltung gem\u00e4\u00df der Ordnung f\u00fcr kirchliche Stiftungen in den bayerischen (Erz-)Di\u00f6zesen (KiStiftO).<\/p>\n\n\n\n<p>Kirchenverwaltungsvorstand: Pfarrer Josef Kriechbaumer (dienstliche Anschrift wie oben)<\/p>\n\n\n\n<p>Betriebliche Datenschutzbeauftragte: Elisabeth Baumgartner<br>E-Mail: <a href=\"mailto:ebaumgartner@ebmuc.de\">ebaumgartner@ebmuc.de<\/a><\/p>\n\n\n\n<p>Weitere Informationen zum Datenschutz finden Sie in der Datenschutzerkl\u00e4rung unter <a target=\"_blank\" href=\"https:\/\/www.erzbistum-muenchen.de\/datenschutzerklaerung\" rel=\"noreferrer noopener\">https:\/\/www.erzbistum-muenchen.de\/datenschutzerklaerung<\/a><\/p>\n\n\n\n<p>Postanschrift und Kontakt:<br>Katholisches Pfarramt St. Zeno Isen<br>Bischof-Josef-Str. 8<br>84424 Isen<br>Tel. 08083-8181<br>Fax 08083-546420<\/p>\n","protected":false},"excerpt":{"rendered":"<p>St. ZenoSt.-Zeno-Platz84424 IsenTelefon: 08083-8181Fax: 08083-546420St-Zeno.Isen@ebmuc.dehttp:\/\/www.erzbistum-muenchen.de\/StZenoIsenPfarrverband IsenJosef Kriechbaumer, Pfarrer Die Katholische Pfarrkirchenstiftung St. Zeno Isen ist eine kirchliche Stiftung des \u00f6ffentlichen Rechts.Sie wird vertreten durch die Kirchenverwaltung gem\u00e4\u00df der Ordnung f\u00fcr kirchliche Stiftungen in den bayerischen (Erz-)Di\u00f6zesen (KiStiftO). Kirchenverwaltungsvorstand: Pfarrer Josef Kriechbaumer (dienstliche Anschrift wie oben) Betriebliche Datenschutzbeauftragte: Elisabeth BaumgartnerE-Mail: ebaumgartner@ebmuc.de Weitere Informationen zum Datenschutz finden [&hellip;]<\/p>\n","protected":false},"author":2,"featured_media":0,"parent":0,"menu_order":0,"comment_status":"closed","ping_status":"closed","template":"","meta":{"footnotes":""},"class_list":["post-62","page","type-page","status-publish","hentry"],"_links":{"self":[{"href":"https:\/\/sternsinger-anmeldung.de\/index.php?rest_route=\/wp\/v2\/pages\/62","targetHints":{"allow":["GET"]}}],"collection":[{"href":"https:\/\/sternsinger-anmeldung.de\/index.php?rest_route=\/wp\/v2\/pages"}],"about":[{"href":"https:\/\/sternsinger-anmeldung.de\/index.php?rest_route=\/wp\/v2\/types\/page"}],"author":[{"embeddable":true,"href":"https:\/\/sternsinger-anmeldung.de\/index.php?rest_route=\/wp\/v2\/users\/2"}],"replies":[{"embeddable":true,"href":"https:\/\/sternsinger-anmeldung.de\/index.php?rest_route=%2Fwp%2Fv2%2Fcomments&post=62"}],"version-history":[{"count":1,"href":"https:\/\/sternsinger-anmeldung.de\/index.php?rest_route=\/wp\/v2\/pages\/62\/revisions"}],"predecessor-version":[{"id":63,"href":"https:\/\/sternsinger-anmeldung.de\/index.php?rest_route=\/wp\/v2\/pages\/62\/revisions\/63"}],"wp:attachment":[{"href":"https:\/\/sternsinger-anmeldung.de\/index.php?rest_route=%2Fwp%2Fv2%2Fmedia&parent=62"}],"curies":[{"name":"wp","href":"https:\/\/api.w.org\/{rel}","templated":true}]}}