{"id":59,"date":"2022-11-13T11:10:03","date_gmt":"2022-11-13T11:10:03","guid":{"rendered":"https:\/\/sternsinger-anmeldung.de\/?page_id=59"},"modified":"2023-11-19T10:49:56","modified_gmt":"2023-11-19T10:49:56","slug":"datenschutz","status":"publish","type":"page","link":"https:\/\/sternsinger-anmeldung.de\/?page_id=59","title":{"rendered":"Datenschutz"},"content":{"rendered":"\n<h1 class=\"wp-block-heading\"><strong>Einwilligungserkl\u00e4rung<\/strong><\/h1>\n\n\n\n<p>Ich willige ausdr\u00fccklich ein, dass nachfolgende personenbezogene Daten zu den angegebenen Verwendungszwecken durch die Verantwortlichen des Pfarrverbands Isen\/Lengdorf verarbeitet werden d\u00fcrfen:<\/p>\n\n\n\n<figure class=\"wp-block-table\"><table><tbody><tr><td><strong>Datensatz<\/strong><\/td><td><strong>Verwendungszweck<\/strong><\/td><td><strong>Speicherdauer<\/strong><\/td><\/tr><tr><td>Name, Adresse, E-Mail<\/td><td>Organisation und Besuch der Steinsinger<\/td><td>F\u00fcr die Dauer, f\u00fcr die der Verwendungszweck als erf\u00fcllt gilt.<\/td><\/tr><\/tbody><\/table><\/figure>\n\n\n\n<p>Ich bin \u00fcber die Verarbeitung aller oben angef\u00fchrten Daten informiert worden und hatte die M\u00f6glichkeit bez\u00fcglich Fragen R\u00fccksprache zu halten. Ich stimme der Verarbeitung der Daten zu, sofern die oben angef\u00fchrten Informationen mit der tats\u00e4chlichen Verwendung \u00fcbereinstimmen. Die Speicherung der Daten ist nur solange g\u00fcltig, solange der angef\u00fchrte Zweck erf\u00fcllt ist.<\/p>\n\n\n\n<p><strong>\u2014\u2013 Widerrufsrecht \u2014\u2013<\/strong><\/p>\n\n\n\n<p>Diese Einwilligungserkl\u00e4rung kann jederzeit schriftlich, per Post oder E-Mail bzw. m\u00fcndlich widerrufen werden.<\/p>\n\n\n\n<p>Ich habe den Inhalt dieser Erkl\u00e4rung gelesen, verstanden und erteile meine ausdr\u00fcckliche Einwilligung bez\u00fcglich aller beschriebenen Punkte.<\/p>\n","protected":false},"excerpt":{"rendered":"<p>Einwilligungserkl\u00e4rung Ich willige ausdr\u00fccklich ein, dass nachfolgende personenbezogene Daten zu den angegebenen Verwendungszwecken durch die Verantwortlichen des Pfarrverbands Isen\/Lengdorf verarbeitet werden d\u00fcrfen: Datensatz Verwendungszweck Speicherdauer Name, Adresse, E-Mail Organisation und Besuch der Steinsinger F\u00fcr die Dauer, f\u00fcr die der Verwendungszweck als erf\u00fcllt gilt. Ich bin \u00fcber die Verarbeitung aller oben angef\u00fchrten Daten informiert worden und [&hellip;]<\/p>\n","protected":false},"author":2,"featured_media":0,"parent":0,"menu_order":0,"comment_status":"closed","ping_status":"closed","template":"","meta":{"footnotes":""},"class_list":["post-59","page","type-page","status-publish","hentry"],"_links":{"self":[{"href":"https:\/\/sternsinger-anmeldung.de\/index.php?rest_route=\/wp\/v2\/pages\/59","targetHints":{"allow":["GET"]}}],"collection":[{"href":"https:\/\/sternsinger-anmeldung.de\/index.php?rest_route=\/wp\/v2\/pages"}],"about":[{"href":"https:\/\/sternsinger-anmeldung.de\/index.php?rest_route=\/wp\/v2\/types\/page"}],"author":[{"embeddable":true,"href":"https:\/\/sternsinger-anmeldung.de\/index.php?rest_route=\/wp\/v2\/users\/2"}],"replies":[{"embeddable":true,"href":"https:\/\/sternsinger-anmeldung.de\/index.php?rest_route=%2Fwp%2Fv2%2Fcomments&post=59"}],"version-history":[{"count":3,"href":"https:\/\/sternsinger-anmeldung.de\/index.php?rest_route=\/wp\/v2\/pages\/59\/revisions"}],"predecessor-version":[{"id":99,"href":"https:\/\/sternsinger-anmeldung.de\/index.php?rest_route=\/wp\/v2\/pages\/59\/revisions\/99"}],"wp:attachment":[{"href":"https:\/\/sternsinger-anmeldung.de\/index.php?rest_route=%2Fwp%2Fv2%2Fmedia&parent=59"}],"curies":[{"name":"wp","href":"https:\/\/api.w.org\/{rel}","templated":true}]}}